{"id":732,"date":"2023-04-06T14:38:12","date_gmt":"2023-04-06T12:38:12","guid":{"rendered":"https:\/\/hufnagel-tueren.de\/?page_id=732"},"modified":"2023-04-06T14:39:07","modified_gmt":"2023-04-06T12:39:07","slug":"montage-2","status":"publish","type":"page","link":"https:\/\/hufnagel-tueren.de\/?page_id=732","title":{"rendered":"Montage"},"content":{"rendered":"<p>Wenn Sie es w\u00fcnschen k\u00f6nnen wir Ihnen gerne eine Montage Ihrer T\u00fcren durch unser kompetentes Team anbieten. Sie k\u00f6nnen sie sich aber auch einfach nur anliefern lassen oder selbst abholen. Die Wahl liegt hier ganz bei Ihnen.<\/p>","protected":false},"excerpt":{"rendered":"<p>Wenn Sie es w\u00fcnschen k\u00f6nnen wir Ihnen gerne eine Montage Ihrer T\u00fcren durch unser kompetentes Team anbieten. Sie k\u00f6nnen sie sich aber auch einfach nur anliefern lassen oder selbst abholen. Die Wahl liegt hier ganz bei Ihnen.<\/p>\n","protected":false},"author":1,"featured_media":0,"parent":0,"menu_order":0,"comment_status":"closed","ping_status":"closed","template":"","meta":{"footnotes":""},"class_list":["post-732","page","type-page","status-publish","hentry","entry"],"_links":{"self":[{"href":"https:\/\/hufnagel-tueren.de\/index.php?rest_route=\/wp\/v2\/pages\/732","targetHints":{"allow":["GET"]}}],"collection":[{"href":"https:\/\/hufnagel-tueren.de\/index.php?rest_route=\/wp\/v2\/pages"}],"about":[{"href":"https:\/\/hufnagel-tueren.de\/index.php?rest_route=\/wp\/v2\/types\/page"}],"author":[{"embeddable":true,"href":"https:\/\/hufnagel-tueren.de\/index.php?rest_route=\/wp\/v2\/users\/1"}],"replies":[{"embeddable":true,"href":"https:\/\/hufnagel-tueren.de\/index.php?rest_route=%2Fwp%2Fv2%2Fcomments&post=732"}],"version-history":[{"count":2,"href":"https:\/\/hufnagel-tueren.de\/index.php?rest_route=\/wp\/v2\/pages\/732\/revisions"}],"predecessor-version":[{"id":734,"href":"https:\/\/hufnagel-tueren.de\/index.php?rest_route=\/wp\/v2\/pages\/732\/revisions\/734"}],"wp:attachment":[{"href":"https:\/\/hufnagel-tueren.de\/index.php?rest_route=%2Fwp%2Fv2%2Fmedia&parent=732"}],"curies":[{"name":"wp","href":"https:\/\/api.w.org\/{rel}","templated":true}]}}