{"id":741,"date":"2023-04-06T16:42:18","date_gmt":"2023-04-06T14:42:18","guid":{"rendered":"https:\/\/hufnagel-tueren.de\/?page_id=741"},"modified":"2023-04-11T17:57:47","modified_gmt":"2023-04-11T15:57:47","slug":"funktionstueren","status":"publish","type":"page","link":"https:\/\/hufnagel-tueren.de\/?page_id=741","title":{"rendered":"Funktionst\u00fcren"},"content":{"rendered":"<pre class=\"wp-block-verse\">Wir bieten ein breites Sortiment an Funktionst\u00fcren, das kaum w\u00fcnsche offen l\u00e4sst. Von Wohnungseingangst\u00fcren mit sowie ohne Einbruchsschutz, \u00fcber Rauchschutzt\u00fcren bis hin zu Nassraumt\u00fcren k\u00f6nnen wir Ihnen alles bieten, was Sie f\u00fcr Ihr Projekt ben\u00f6tigen.<\/pre><div class=\"wp-block-media-text alignwide is-stacked-on-mobile\"><figure class=\"wp-block-media-text__media\"><img loading=\"lazy\" decoding=\"async\" width=\"1024\" height=\"1024\" src=\"https:\/\/hufnagel-tueren.de\/wp-content\/uploads\/2023\/04\/WE_SKE330_Weisslack9016_E_Tuerblatt_Ansicht_Schloss-1024x1024.jpg\" alt=\"\" class=\"wp-image-744 size-full\" srcset=\"https:\/\/hufnagel-tueren.de\/wp-content\/uploads\/2023\/04\/WE_SKE330_Weisslack9016_E_Tuerblatt_Ansicht_Schloss-1024x1024.jpg 1024w, https:\/\/hufnagel-tueren.de\/wp-content\/uploads\/2023\/04\/WE_SKE330_Weisslack9016_E_Tuerblatt_Ansicht_Schloss-scaled-100x100.jpg 100w, https:\/\/hufnagel-tueren.de\/wp-content\/uploads\/2023\/04\/WE_SKE330_Weisslack9016_E_Tuerblatt_Ansicht_Schloss-300x300.jpg 300w, https:\/\/hufnagel-tueren.de\/wp-content\/uploads\/2023\/04\/WE_SKE330_Weisslack9016_E_Tuerblatt_Ansicht_Schloss-150x150.jpg 150w, https:\/\/hufnagel-tueren.de\/wp-content\/uploads\/2023\/04\/WE_SKE330_Weisslack9016_E_Tuerblatt_Ansicht_Schloss-768x768.jpg 768w\" sizes=\"auto, (max-width: 1024px) 100vw, 1024px\" \/><\/figure><div class=\"wp-block-media-text__content\"><p><strong>Wohnungseingangst\u00fcren:<\/strong><br>Sie k\u00f6nnen fast alle unsere Modelle auch als Wohnungseingangsst\u00fcren haben, welche genau die auf Ihre Bed\u00fcrfnisse zugeschnittenen Eigenschaften besitzen.<br><br><strong>Schallschutzklasse:<\/strong> <br>Sie beschreibt wie sehr die T\u00fcr Ger\u00e4usche d\u00e4mpft. Von der standardm\u00e4\u00dfigen SK1 (-32db) \u00fcber SK2 (-37db) bis zur Premiumvariante SK3 (-42db) f\u00fcr Wohnzimmer welche direkt hinter der Wohnungst\u00fcr liegen, haben wir alles im Angebot.<\/p>\n\n<p><strong>Klimaklasse: <\/strong><br>Sie beschreibt wie widerstandsf\u00e4hig die T\u00fcren gegen\u00fcber unterschiedlichen Temperaturen auf beiden Seiten sind. Hat man beispielsweise ein geheiztes Treppenhaus gen\u00fcgt KK2. Wird es jedoch nicht beheizt, ist KK3 notwendig, da sonst eine Verformung der T\u00fcr m\u00f6glich ist.<\/p><\/div><\/div><div class=\"wp-block-media-text alignwide is-stacked-on-mobile\"><figure class=\"wp-block-media-text__media\"><\/figure><div class=\"wp-block-media-text__content\"><p><strong>Widerstandsklasse: <\/strong><br>T\u00fcren mit WK sind daf\u00fcr entwickelt und getestet einem Einbruchsversuch m\u00f6glichst lange zu widerstehen. <\/p>\n\n<p><strong>Doppelfalz: <\/strong><br>Ein Doppelfalz bietet zus\u00e4tzlichen Schutz gegen Aufhebelung, da er weniger Angriffsfl\u00e4che f\u00fcr eingeschobenes Einbruchswerkzeug bietet. <\/p><\/div><\/div><div class=\"wp-block-media-text alignwide is-stacked-on-mobile\"><figure class=\"wp-block-media-text__media\"><\/figure><div class=\"wp-block-media-text__content\"><p><strong>Brandschutzklasse: <\/strong><br>Verz\u00f6gert das \u00dcbergreifen eines Feuers auf die Wohnung.<\/p>\n\n<p><strong>Rauchschutzklasse: <\/strong><br>Verhindert das Eindringen von Rauch in die Wohnung.<\/p><\/div><\/div><div class=\"wp-block-media-text alignwide is-stacked-on-mobile\"><figure class=\"wp-block-media-text__media\"><\/figure><div class=\"wp-block-media-text__content\"><p><strong>Thermot\u00fcrelement:<\/strong> <br>Optimale D\u00e4mmung verhindert W\u00e4rmeverlust effektiv.<\/p><\/div><\/div><div class=\"wp-block-media-text alignwide is-stacked-on-mobile\"><figure class=\"wp-block-media-text__media\"><\/figure><div class=\"wp-block-media-text__content\"><p><strong>Feuchtraumt\u00fcren:<\/strong> <br>Diese T\u00fcren widerstehen erh\u00f6hter Luftfeuchtigkeit und Spritzwassereinwirkung.<\/p>\n\n<p><strong>Nassraumt\u00fcren:<\/strong> <br>Diesen T\u00fcren k\u00f6nnen auch h\u00e4ufige Spritzwassereinwirkung und lang anhaltende N\u00e4sse nichts anhaben.<\/p><\/div><\/div>","protected":false},"excerpt":{"rendered":"<p>Wir bieten ein breites Sortiment an Funktionst\u00fcren, das kaum w\u00fcnsche offen l\u00e4sst. Von Wohnungseingangst\u00fcren mit sowie ohne Einbruchsschutz, \u00fcber Rauchschutzt\u00fcren bis hin zu Nassraumt\u00fcren k\u00f6nnen wir Ihnen alles bieten, was Sie f\u00fcr Ihr Projekt ben\u00f6tigen. Wohnungseingangst\u00fcren:Sie k\u00f6nnen fast alle unsere Modelle auch als Wohnungseingangsst\u00fcren haben, welche genau die auf Ihre Bed\u00fcrfnisse zugeschnittenen Eigenschaften besitzen. Schallschutzklasse:&hellip; <a class=\"more-link\" href=\"https:\/\/hufnagel-tueren.de\/?page_id=741\"><span class=\"screen-reader-text\">Funktionst\u00fcren<\/span> weiterlesen<\/a><\/p>\n","protected":false},"author":1,"featured_media":0,"parent":0,"menu_order":0,"comment_status":"closed","ping_status":"closed","template":"","meta":{"footnotes":""},"class_list":["post-741","page","type-page","status-publish","hentry","entry"],"_links":{"self":[{"href":"https:\/\/hufnagel-tueren.de\/index.php?rest_route=\/wp\/v2\/pages\/741","targetHints":{"allow":["GET"]}}],"collection":[{"href":"https:\/\/hufnagel-tueren.de\/index.php?rest_route=\/wp\/v2\/pages"}],"about":[{"href":"https:\/\/hufnagel-tueren.de\/index.php?rest_route=\/wp\/v2\/types\/page"}],"author":[{"embeddable":true,"href":"https:\/\/hufnagel-tueren.de\/index.php?rest_route=\/wp\/v2\/users\/1"}],"replies":[{"embeddable":true,"href":"https:\/\/hufnagel-tueren.de\/index.php?rest_route=%2Fwp%2Fv2%2Fcomments&post=741"}],"version-history":[{"count":7,"href":"https:\/\/hufnagel-tueren.de\/index.php?rest_route=\/wp\/v2\/pages\/741\/revisions"}],"predecessor-version":[{"id":759,"href":"https:\/\/hufnagel-tueren.de\/index.php?rest_route=\/wp\/v2\/pages\/741\/revisions\/759"}],"wp:attachment":[{"href":"https:\/\/hufnagel-tueren.de\/index.php?rest_route=%2Fwp%2Fv2%2Fmedia&parent=741"}],"curies":[{"name":"wp","href":"https:\/\/api.w.org\/{rel}","templated":true}]}}