{"id":770,"date":"2023-04-12T16:13:07","date_gmt":"2023-04-12T14:13:07","guid":{"rendered":"https:\/\/hufnagel-tueren.de\/?page_id=770"},"modified":"2025-05-23T17:30:27","modified_gmt":"2025-05-23T15:30:27","slug":"preise","status":"publish","type":"page","link":"https:\/\/hufnagel-tueren.de\/?page_id=770","title":{"rendered":"Preise"},"content":{"rendered":"<h2 class=\"wp-block-heading\">T\u00fcrbl\u00e4tter<\/h2><p><strong>CPL Wei\u00dflack RAL 9010 und RAL 9016 <\/strong><\/p><figure class=\"wp-block-table\"><table class=\"has-fixed-layout\"><thead><tr><th>Breite in mm<\/th><th>610, 735, 860, 985<\/th><\/tr><\/thead><tbody><tr><td>H\u00f6he in mm 1985<\/td><td>125,50<\/td><\/tr><tr><td>H\u00f6he in mm 2110<\/td><td>144,32<\/td><\/tr><\/tbody><\/table><figcaption class=\"wp-element-caption\">Preise inkl. Mehrwertsteuer<\/figcaption><\/figure><p><strong>Durat<\/strong><\/p><figure class=\"wp-block-table\"><table class=\"has-fixed-layout\"><thead><tr><th>Breite in mm<\/th><th>610, 735, 860, 985<\/th><\/tr><\/thead><tbody><tr><td>H\u00f6he in mm 1985<\/td><td>134,26 \/ 157,69<\/td><\/tr><tr><td>H\u00f6he in mm 2110<\/td><td>149,10 \/ 175,64<\/td><\/tr><\/tbody><\/table><figcaption class=\"wp-element-caption\">Preise mit eckiger Kante\/Rundkante<br>Preise inkl. Mehrwertsteuer<\/figcaption><\/figure><p><strong>Durat Schichtstoff<\/strong><\/p><figure class=\"wp-block-table\"><table class=\"has-fixed-layout\"><thead><tr><th>Breite in mm<\/th><th>610, 735, 860, 985<\/th><\/tr><\/thead><tbody><tr><td>H\u00f6he in mm 1985<\/td><td>153,47 \/ 177,99<\/td><\/tr><tr><td>H\u00f6he in mm 2110<\/td><td>171,73 \/ 198,28<\/td><\/tr><\/tbody><\/table><figcaption class=\"wp-element-caption\">Preise mit eckiger Kante\/Rundkante<br>Preise inkl. Mehrwertsteuer<\/figcaption><\/figure><h2 class=\"wp-block-heading\">Zargen<\/h2><p><strong>CPL Wei\u00dflack RAL 9010 und RAL 9016<\/strong><\/p><figure class=\"wp-block-table is-style-regular\"><table class=\"has-fixed-layout\"><thead><tr><th>Wandst\u00e4rke in mm<\/th><th>80\/100\/<br>120\/140<\/th><th>150\/160\/<br>180\/200<\/th><th>220\/240\/<br>260\/270\/<br>280<\/th><th>300\/320<\/th><\/tr><\/thead><tbody><tr><td>H\u00f6he in mm 1985<\/td><td>126,51<\/td><td>139,31<\/td><td>152,77<\/td><td>165,54<\/td><\/tr><tr><td>H\u00f6he in mm 2110<\/td><td>145,5<\/td><td>160,20<\/td><td>175,68<\/td><td>190,38<\/td><\/tr><\/tbody><\/table><\/figure><p><strong>Durat<\/strong><\/p><figure class=\"wp-block-table is-style-regular\"><table class=\"has-fixed-layout\"><thead><tr><th>Wandst\u00e4rke in mm<\/th><th>80\/100\/<br>120\/140<\/th><th>150\/160\/<br>180\/200<\/th><th>220\/240\/<br>260\/270\/<br>280<\/th><th>300\/320<\/th><\/tr><\/thead><tbody><tr><td>H\u00f6he in mm 1985<\/td><td>126,47<\/td><td>142,85<\/td><td>157,69<\/td><td>174,86<\/td><\/tr><tr><td>H\u00f6he in mm 2110<\/td><td>151,44<\/td><td>171,73<\/td><td>188,9<\/td><td>209,20<\/td><\/tr><\/tbody><\/table><figcaption class=\"wp-element-caption\">Preise inkl. Mehrwertsteuer<\/figcaption><\/figure><p><strong>Durat Schichtstoff<\/strong><\/p><figure class=\"wp-block-table\"><table class=\"has-fixed-layout\"><thead><tr><th>Wandst\u00e4rke in mm<\/th><th>80\/100\/<br>120\/140<\/th><th>150\/160\/<br>180\/200<\/th><th>220\/240\/<br>260\/270\/<br>280<\/th><th>300\/320<\/th><\/tr><\/thead><tbody><tr><td>H\u00f6he in mm 1985<\/td><td>186,57<\/td><td>202,97<\/td><td>217,78<\/td><td>234,95<\/td><\/tr><tr><td>H\u00f6he in mm 2110<\/td><td>211,27<\/td><td>231,85<\/td><td>249,02<\/td><td>269,32<\/td><\/tr><\/tbody><\/table><figcaption class=\"wp-element-caption\">Preise inkl. Mehrwertsteuer<\/figcaption><\/figure>","protected":false},"excerpt":{"rendered":"<p>T\u00fcrbl\u00e4tter CPL Wei\u00dflack RAL 9010 und RAL 9016 Breite in mm 610, 735, 860, 985 H\u00f6he in mm 1985 125,50 H\u00f6he in mm 2110 144,32 Preise inkl. Mehrwertsteuer Durat Breite in mm 610, 735, 860, 985 H\u00f6he in mm 1985 134,26 \/ 157,69 H\u00f6he in mm 2110 149,10 \/ 175,64 Preise mit eckiger Kante\/RundkantePreise inkl.&hellip; <a class=\"more-link\" href=\"https:\/\/hufnagel-tueren.de\/?page_id=770\"><span class=\"screen-reader-text\">Preise<\/span> weiterlesen<\/a><\/p>\n","protected":false},"author":1,"featured_media":0,"parent":0,"menu_order":0,"comment_status":"closed","ping_status":"closed","template":"","meta":{"footnotes":""},"class_list":["post-770","page","type-page","status-publish","hentry","entry"],"_links":{"self":[{"href":"https:\/\/hufnagel-tueren.de\/index.php?rest_route=\/wp\/v2\/pages\/770","targetHints":{"allow":["GET"]}}],"collection":[{"href":"https:\/\/hufnagel-tueren.de\/index.php?rest_route=\/wp\/v2\/pages"}],"about":[{"href":"https:\/\/hufnagel-tueren.de\/index.php?rest_route=\/wp\/v2\/types\/page"}],"author":[{"embeddable":true,"href":"https:\/\/hufnagel-tueren.de\/index.php?rest_route=\/wp\/v2\/users\/1"}],"replies":[{"embeddable":true,"href":"https:\/\/hufnagel-tueren.de\/index.php?rest_route=%2Fwp%2Fv2%2Fcomments&post=770"}],"version-history":[{"count":22,"href":"https:\/\/hufnagel-tueren.de\/index.php?rest_route=\/wp\/v2\/pages\/770\/revisions"}],"predecessor-version":[{"id":1537,"href":"https:\/\/hufnagel-tueren.de\/index.php?rest_route=\/wp\/v2\/pages\/770\/revisions\/1537"}],"wp:attachment":[{"href":"https:\/\/hufnagel-tueren.de\/index.php?rest_route=%2Fwp%2Fv2%2Fmedia&parent=770"}],"curies":[{"name":"wp","href":"https:\/\/api.w.org\/{rel}","templated":true}]}}